{"id":6927,"date":"2024-11-29T13:54:30","date_gmt":"2024-11-29T12:54:30","guid":{"rendered":"https:\/\/fedec.cm\/sponsor-a-student\/"},"modified":"2024-11-29T13:54:30","modified_gmt":"2024-11-29T12:54:30","slug":"sponsor-a-student","status":"publish","type":"page","link":"https:\/\/fedec.cm\/en\/sponsor-a-student\/","title":{"rendered":"Sponsor a Student"},"content":{"rendered":"\t\t<div data-elementor-type=\"wp-page\" data-elementor-id=\"6927\" class=\"elementor elementor-6927\">\n\t\t\t\t\t\t<section class=\"elementor-section elementor-top-section elementor-element elementor-element-d860269 elementor-reverse-tablet elementor-reverse-mobile elementor-section-boxed elementor-section-height-default elementor-section-height-default\" data-id=\"d860269\" data-element_type=\"section\" data-e-type=\"section\">\n\t\t\t\t\t\t<div class=\"elementor-container elementor-column-gap-default\">\n\t\t\t\t\t<div class=\"elementor-column elementor-col-50 elementor-top-column elementor-element elementor-element-2198081\" data-id=\"2198081\" data-element_type=\"column\" data-e-type=\"column\">\n\t\t\t<div class=\"elementor-widget-wrap elementor-element-populated\">\n\t\t\t\t\t\t<div class=\"elementor-element elementor-element-5602415 elementor-widget elementor-widget-cz_gallery\" data-id=\"5602415\" data-element_type=\"widget\" data-e-type=\"widget\" data-widget_type=\"cz_gallery.default\">\n\t\t\t\t<div class=\"elementor-widget-container\">\n\t\t\t\t\t<div class=\"cz_grid_p\"><div class=\"cz_grid cz_grid_1 clr cz_metro_5 cz_grid_c3 cz_grid_1_no_title cz_grid_1_mid tac\"><div class=\"cz_grid_item cz_grid_first\"><\/div><div class=\"cz_grid_item \"><div><a class=\"cz_grid_link \" href=\"https:\/\/fedec.cm\/wp-content\/uploads\/2024\/07\/projet-radiolab-promo1-ok.jpg\" data-xtra-lightbox><img fetchpriority=\"high\" decoding=\"async\" width=\"600\" height=\"550\" src=\"data:image\/svg+xml,%3Csvg%20xmlns%3D&#39;http%3A%2F%2Fwww.w3.org%2F2000%2Fsvg&#39;%20width=&#39;600&#39;%20height=&#39;550&#39;%20viewBox%3D&#39;0%200%20600%20550&#39;%2F%3E\" data-czlz data-src=\"https:\/\/fedec.cm\/wp-content\/uploads\/2024\/07\/projet-radiolab-promo1-ok-600x550.jpg\" class=\"attachment-codevz_600_600 size-codevz_600_600 wp-image-6044\" alt=\"\" \/><div class=\"cz_grid_details\"><i class=\"cz_grid_icon fa czico-147-magnifying-glass\"><\/i><\/div><\/a><\/div><\/div><div class=\"cz_grid_item \"><div><a class=\"cz_grid_link \" href=\"https:\/\/fedec.cm\/wp-content\/uploads\/2024\/07\/projet-enfants-fedec.jpg\" data-xtra-lightbox><img decoding=\"async\" width=\"600\" height=\"550\" src=\"data:image\/svg+xml,%3Csvg%20xmlns%3D&#39;http%3A%2F%2Fwww.w3.org%2F2000%2Fsvg&#39;%20width=&#39;600&#39;%20height=&#39;550&#39;%20viewBox%3D&#39;0%200%20600%20550&#39;%2F%3E\" data-czlz data-src=\"https:\/\/fedec.cm\/wp-content\/uploads\/2024\/07\/projet-enfants-fedec-600x550.jpg\" class=\"attachment-codevz_600_600 size-codevz_600_600 wp-image-5497\" alt=\"\" \/><div class=\"cz_grid_details\"><i class=\"cz_grid_icon fa czico-147-magnifying-glass\"><\/i><\/div><\/a><\/div><\/div><div class=\"cz_grid_item \"><div><a class=\"cz_grid_link \" href=\"https:\/\/fedec.cm\/wp-content\/uploads\/2021\/10\/lancement-processus-dzvaluation-activites-parc-national-mbam-et-djerem.jpg\" data-xtra-lightbox><img decoding=\"async\" width=\"600\" height=\"550\" src=\"data:image\/svg+xml,%3Csvg%20xmlns%3D&#39;http%3A%2F%2Fwww.w3.org%2F2000%2Fsvg&#39;%20width=&#39;600&#39;%20height=&#39;550&#39;%20viewBox%3D&#39;0%200%20600%20550&#39;%2F%3E\" data-czlz data-src=\"https:\/\/fedec.cm\/wp-content\/uploads\/2021\/10\/lancement-processus-dzvaluation-activites-parc-national-mbam-et-djerem-600x550.jpg\" class=\"attachment-codevz_600_600 size-codevz_600_600 wp-image-6056\" alt=\"\" \/><div class=\"cz_grid_details\"><i class=\"cz_grid_icon fa czico-147-magnifying-glass\"><\/i><\/div><\/a><\/div><\/div><div class=\"cz_grid_item \"><div><a class=\"cz_grid_link \" href=\"https:\/\/fedec.cm\/wp-content\/uploads\/2024\/08\/plan-pour-les-peuples-autchtones-vulnerables5.jpg\" data-xtra-lightbox><img loading=\"lazy\" decoding=\"async\" width=\"600\" height=\"550\" src=\"data:image\/svg+xml,%3Csvg%20xmlns%3D&#39;http%3A%2F%2Fwww.w3.org%2F2000%2Fsvg&#39;%20width=&#39;600&#39;%20height=&#39;550&#39;%20viewBox%3D&#39;0%200%20600%20550&#39;%2F%3E\" data-czlz data-src=\"https:\/\/fedec.cm\/wp-content\/uploads\/2024\/08\/plan-pour-les-peuples-autchtones-vulnerables5-600x550.jpg\" class=\"attachment-codevz_600_600 size-codevz_600_600 wp-image-5635\" alt=\"\" \/><div class=\"cz_grid_details\"><i class=\"cz_grid_icon fa czico-147-magnifying-glass\"><\/i><\/div><\/a><\/div><\/div><div class=\"cz_grid_item \"><div><a class=\"cz_grid_link \" href=\"https:\/\/fedec.cm\/wp-content\/uploads\/2024\/08\/plan-pour-les-peuples-autchtones-vulnerables.jpg\" data-xtra-lightbox><img loading=\"lazy\" decoding=\"async\" width=\"600\" height=\"600\" src=\"data:image\/svg+xml,%3Csvg%20xmlns%3D&#39;http%3A%2F%2Fwww.w3.org%2F2000%2Fsvg&#39;%20width=&#39;600&#39;%20height=&#39;600&#39;%20viewBox%3D&#39;0%200%20600%20600&#39;%2F%3E\" data-czlz data-src=\"https:\/\/fedec.cm\/wp-content\/uploads\/2024\/08\/plan-pour-les-peuples-autchtones-vulnerables-600x600.jpg\" class=\"attachment-codevz_600_600 size-codevz_600_600 wp-image-5639\" alt=\"\" data-srcset=\"https:\/\/fedec.cm\/wp-content\/uploads\/2024\/08\/plan-pour-les-peuples-autchtones-vulnerables-600x600.jpg 600w, https:\/\/fedec.cm\/wp-content\/uploads\/2024\/08\/plan-pour-les-peuples-autchtones-vulnerables-100x100.jpg 100w, https:\/\/fedec.cm\/wp-content\/uploads\/2024\/08\/plan-pour-les-peuples-autchtones-vulnerables-150x150.jpg 150w\" data-sizes=\"(max-width: 600px) 100vw, 600px\" \/><div class=\"cz_grid_details\"><i class=\"cz_grid_icon fa czico-147-magnifying-glass\"><\/i><\/div><\/a><\/div><\/div><div class=\"cz_grid_item \"><div><a class=\"cz_grid_link \" href=\"https:\/\/fedec.cm\/wp-content\/uploads\/2024\/07\/freepic-image-hands-fedec-32.jpg\" data-xtra-lightbox><img loading=\"lazy\" decoding=\"async\" width=\"600\" height=\"600\" src=\"data:image\/svg+xml,%3Csvg%20xmlns%3D&#39;http%3A%2F%2Fwww.w3.org%2F2000%2Fsvg&#39;%20width=&#39;600&#39;%20height=&#39;600&#39;%20viewBox%3D&#39;0%200%20600%20600&#39;%2F%3E\" data-czlz data-src=\"https:\/\/fedec.cm\/wp-content\/uploads\/2024\/07\/freepic-image-hands-fedec-32-600x600.jpg\" class=\"attachment-codevz_600_600 size-codevz_600_600 wp-image-5477\" alt=\"\" data-srcset=\"https:\/\/fedec.cm\/wp-content\/uploads\/2024\/07\/freepic-image-hands-fedec-32-600x600.jpg 600w, https:\/\/fedec.cm\/wp-content\/uploads\/2024\/07\/freepic-image-hands-fedec-32-100x100.jpg 100w, https:\/\/fedec.cm\/wp-content\/uploads\/2024\/07\/freepic-image-hands-fedec-32-150x150.jpg 150w\" data-sizes=\"(max-width: 600px) 100vw, 600px\" \/><div class=\"cz_grid_details\"><i class=\"cz_grid_icon fa czico-147-magnifying-glass\"><\/i><\/div><\/a><\/div><\/div><\/div><\/div>\t\t\t\t<\/div>\n\t\t\t\t<\/div>\n\t\t\t\t\t<\/div>\n\t\t<\/div>\n\t\t\t\t<div class=\"elementor-column elementor-col-50 elementor-top-column elementor-element elementor-element-a17f43a\" data-id=\"a17f43a\" data-element_type=\"column\" data-e-type=\"column\">\n\t\t\t<div class=\"elementor-widget-wrap elementor-element-populated\">\n\t\t\t\t\t\t<div class=\"elementor-element elementor-element-eb0aaa3 elementor-widget elementor-widget-cz_title\" data-id=\"eb0aaa3\" data-element_type=\"widget\" data-e-type=\"widget\" data-widget_type=\"cz_title.default\">\n\t\t\t\t<div class=\"elementor-widget-container\">\n\t\t\t\t\t\t\r\n\t\t<div>\r\n\t\t\t<div class=\"cz_title clr cz_mobile_text_center cz_title_pos_inline\"><div class=\"cz_title_content\"><div class=\"cz_wpe_content\"><div style=\"line-height: 1.6;\"><span style=\"font-size: 36px;\">Vous souhaitez\u00a0 Parrainer un <span style=\"color: #1b8c44;\"><strong style=\"border-bottom: solid 4px;\">\u00e9l\u00e8ve?<\/strong><\/span><span style=\"color: #1b8c44;\"><strong style=\"border-bottom: solid 4px;\"><br \/><\/strong><\/span><\/span><\/div><\/div><\/div><\/div>\r\n\t\t<\/div>\r\n\t\t\r\n\t\t\t\t\t\t<\/div>\n\t\t\t\t<\/div>\n\t\t\t\t<div class=\"elementor-element elementor-element-34b89ef elementor-widget elementor-widget-cz_gap\" data-id=\"34b89ef\" data-element_type=\"widget\" data-e-type=\"widget\" data-widget_type=\"cz_gap.default\">\n\t\t\t\t<div class=\"elementor-widget-container\">\n\t\t\t\t\t<div class=\"cz_gap clr\"><\/div>\t\t\t\t<\/div>\n\t\t\t\t<\/div>\n\t\t\t\t<div class=\"elementor-element elementor-element-0c518da elementor-widget elementor-widget-cz_title\" data-id=\"0c518da\" data-element_type=\"widget\" data-e-type=\"widget\" data-widget_type=\"cz_title.default\">\n\t\t\t\t<div class=\"elementor-widget-container\">\n\t\t\t\t\t\t\r\n\t\t<div>\r\n\t\t\t<div class=\"cz_title clr cz_smart_fs cz_mobile_text_center cz_title_pos_inline\"><div class=\"cz_title_content\"><div class=\"cz_wpe_content\"><p>La zone enclav\u00e9e des peuples autochtones Bagyeli et Bakolas, souvent confront\u00e9e \u00e0 des d\u00e9fis g\u00e9ographiques et \u00e9conomiques, souffre d\u2019un acc\u00e8s limit\u00e9 \u00e0 l\u2019\u00e9ducation. Le parrainage d\u2019un \u00e9l\u00e8ve pour couvrir ses frais de scolarit\u00e9 et ses fournitures scolaires repr\u00e9sente une v\u00e9ritable opportunit\u00e9 de transformation pour ces communaut\u00e9s. La Fondation pour l'environnement et le d\u00e9veloppement au Cameroun (FEDEC) intervient depuis plus de vingt ans pour promouvoir le d\u00e9veloppement durable. En soutenant ces \u00e9l\u00e8ves \u00e0 travers la FEDEC, vous contribuez \u00e0 r\u00e9duire les in\u00e9galit\u00e9s \u00e9ducatives et \u00e0 encourager les futurs leaders de la communaut\u00e9, tout en favorisant leur engagement envers leur culture et leur environnement.<\/p><\/div><\/div><\/div>\r\n\t\t<\/div>\r\n\t\t\r\n\t\t\t\t\t\t<\/div>\n\t\t\t\t<\/div>\n\t\t\t\t<div class=\"elementor-element elementor-element-a2b8f13 elementor-widget elementor-widget-cz_gap\" data-id=\"a2b8f13\" data-element_type=\"widget\" data-e-type=\"widget\" data-widget_type=\"cz_gap.default\">\n\t\t\t\t<div class=\"elementor-widget-container\">\n\t\t\t\t\t<div class=\"cz_gap clr\"><\/div>\t\t\t\t<\/div>\n\t\t\t\t<\/div>\n\t\t\t\t<div class=\"elementor-element elementor-element-e613ae9 elementor-widget elementor-widget-cz_gap\" data-id=\"e613ae9\" data-element_type=\"widget\" data-e-type=\"widget\" data-widget_type=\"cz_gap.default\">\n\t\t\t\t<div class=\"elementor-widget-container\">\n\t\t\t\t\t<div class=\"cz_gap clr\"><\/div>\t\t\t\t<\/div>\n\t\t\t\t<\/div>\n\t\t\t\t<div class=\"elementor-element elementor-element-c77e810 elementor-widget elementor-widget-cz_button\" data-id=\"c77e810\" data-element_type=\"widget\" data-e-type=\"widget\" data-widget_type=\"cz_button.default\">\n\t\t\t\t<div class=\"elementor-widget-container\">\n\t\t\t\t\t\t\t<div class=\"cz_btn_left cz_mobile_btn_center\">\r\n\t\t\t<div>\r\n\t\t\t\t<a href=\"https:\/\/fedec.cm\/contact-us\/\" class=\"cz_btn cz_btn_txt_no_fx cz_btn_no_fx\">\r\n\r\n\t\t\t\t\t<span><i class=\"icon icon-contact\"><\/i>\t\t\t\t\t\t<strong>Contactez-Nous\t\t\t\t\t\t\t\t\t\t\t\t\t<\/strong>\r\n\t\t\t\t\t\t\t\t\t\t\t<\/span>\r\n\r\n\t\t\t\t\t<b class=\"cz_btn_onhover\">\r\n\t\t\t\t\t\t<i class=\"icon icon-contact\"><\/i>\t\t\t\t\t\t<strong>\r\n\t\t\t\t\t\t\tContactez-Nous\t\t\t\t\t\t\t\t\t\t\t\t\t<\/strong>\r\n\t\t\t\t\t\t\t\t\t\t\t<\/b>\r\n\r\n\t\t\t\t<\/a>\r\n\t\t\t<\/div>\r\n\t\t<\/div> <div class=\"clr\"><\/div>\t\t\t\t\t\t<\/div>\n\t\t\t\t<\/div>\n\t\t\t\t<div class=\"elementor-element elementor-element-527552e elementor-widget elementor-widget-cz_gap\" data-id=\"527552e\" data-element_type=\"widget\" data-e-type=\"widget\" data-widget_type=\"cz_gap.default\">\n\t\t\t\t<div class=\"elementor-widget-container\">\n\t\t\t\t\t<div class=\"cz_gap clr\"><\/div>\t\t\t\t<\/div>\n\t\t\t\t<\/div>\n\t\t\t\t\t<\/div>\n\t\t<\/div>\n\t\t\t\t\t<\/div>\n\t\t<\/section>\n\t\t\t\t<\/div>\n\t\t","protected":false},"excerpt":{"rendered":"<p>Do you want to sponsor a student? The landlocked area of &#8230; <\/p>\n","protected":false},"author":1,"featured_media":0,"parent":0,"menu_order":0,"comment_status":"closed","ping_status":"closed","template":"","meta":{"footnotes":""},"class_list":["post-6927","page","type-page","status-publish","hentry"],"yoast_head":"<!-- This site is optimized with the Yoast SEO plugin v27.3 - https:\/\/yoast.com\/product\/yoast-seo-wordpress\/ -->\n<title>Sponsor a Student - Fedec<\/title>\n<meta name=\"robots\" content=\"index, follow, max-snippet:-1, max-image-preview:large, max-video-preview:-1\" \/>\n<link rel=\"canonical\" href=\"https:\/\/fedec.cm\/parrainer-un-eleve\/\" \/>\n<meta property=\"og:locale\" content=\"en_US\" \/>\n<meta property=\"og:type\" content=\"article\" \/>\n<meta property=\"og:title\" content=\"Sponsor a Student - Fedec\" \/>\n<meta property=\"og:description\" content=\"Do you want to sponsor a student? The landlocked area of ...\" \/>\n<meta property=\"og:url\" content=\"https:\/\/fedec.cm\/parrainer-un-eleve\/\" \/>\n<meta property=\"og:site_name\" content=\"Fedec\" \/>\n<meta property=\"article:publisher\" content=\"https:\/\/web.facebook.com\/FondationFEDEC\" \/>\n<meta property=\"og:image\" content=\"https:\/\/fedec.cm\/wp-content\/uploads\/2024\/07\/projet-radiolab-promo1-ok-600x550.jpg\" \/>\n<meta name=\"twitter:card\" content=\"summary_large_image\" \/>\n<meta name=\"twitter:site\" content=\"@sitefedec\" \/>\n<meta name=\"twitter:label1\" content=\"Est. reading time\" \/>\n\t<meta name=\"twitter:data1\" content=\"1 minute\" \/>\n<script type=\"application\/ld+json\" class=\"yoast-schema-graph\">{\"@context\":\"https:\\\/\\\/schema.org\",\"@graph\":[{\"@type\":\"WebPage\",\"@id\":\"https:\\\/\\\/fedec.cm\\\/parrainer-un-eleve\\\/\",\"url\":\"https:\\\/\\\/fedec.cm\\\/parrainer-un-eleve\\\/\",\"name\":\"Sponsor a Student - Fedec\",\"isPartOf\":{\"@id\":\"https:\\\/\\\/fedec.cm\\\/#website\"},\"primaryImageOfPage\":{\"@id\":\"https:\\\/\\\/fedec.cm\\\/parrainer-un-eleve\\\/#primaryimage\"},\"image\":{\"@id\":\"https:\\\/\\\/fedec.cm\\\/parrainer-un-eleve\\\/#primaryimage\"},\"thumbnailUrl\":\"https:\\\/\\\/fedec.cm\\\/wp-content\\\/uploads\\\/2024\\\/07\\\/projet-radiolab-promo1-ok-600x550.jpg\",\"datePublished\":\"2024-11-29T12:54:30+00:00\",\"breadcrumb\":{\"@id\":\"https:\\\/\\\/fedec.cm\\\/parrainer-un-eleve\\\/#breadcrumb\"},\"inLanguage\":\"en-US\",\"potentialAction\":[{\"@type\":\"ReadAction\",\"target\":[\"https:\\\/\\\/fedec.cm\\\/parrainer-un-eleve\\\/\"]}]},{\"@type\":\"ImageObject\",\"inLanguage\":\"en-US\",\"@id\":\"https:\\\/\\\/fedec.cm\\\/parrainer-un-eleve\\\/#primaryimage\",\"url\":\"https:\\\/\\\/fedec.cm\\\/wp-content\\\/uploads\\\/2024\\\/07\\\/projet-radiolab-promo1-ok-600x550.jpg\",\"contentUrl\":\"https:\\\/\\\/fedec.cm\\\/wp-content\\\/uploads\\\/2024\\\/07\\\/projet-radiolab-promo1-ok-600x550.jpg\"},{\"@type\":\"BreadcrumbList\",\"@id\":\"https:\\\/\\\/fedec.cm\\\/parrainer-un-eleve\\\/#breadcrumb\",\"itemListElement\":[{\"@type\":\"ListItem\",\"position\":1,\"name\":\"Accueil\",\"item\":\"https:\\\/\\\/fedec.cm\\\/en\\\/\"},{\"@type\":\"ListItem\",\"position\":2,\"name\":\"Sponsor a Student\"}]},{\"@type\":\"WebSite\",\"@id\":\"https:\\\/\\\/fedec.cm\\\/#website\",\"url\":\"https:\\\/\\\/fedec.cm\\\/\",\"name\":\"Fedec\",\"description\":\"\",\"publisher\":{\"@id\":\"https:\\\/\\\/fedec.cm\\\/#organization\"},\"potentialAction\":[{\"@type\":\"SearchAction\",\"target\":{\"@type\":\"EntryPoint\",\"urlTemplate\":\"https:\\\/\\\/fedec.cm\\\/?s={search_term_string}\"},\"query-input\":{\"@type\":\"PropertyValueSpecification\",\"valueRequired\":true,\"valueName\":\"search_term_string\"}}],\"inLanguage\":\"en-US\"},{\"@type\":\"Organization\",\"@id\":\"https:\\\/\\\/fedec.cm\\\/#organization\",\"name\":\"Fedec\",\"url\":\"https:\\\/\\\/fedec.cm\\\/\",\"logo\":{\"@type\":\"ImageObject\",\"inLanguage\":\"en-US\",\"@id\":\"https:\\\/\\\/fedec.cm\\\/#\\\/schema\\\/logo\\\/image\\\/\",\"url\":\"https:\\\/\\\/fedec.cm\\\/wp-content\\\/uploads\\\/2024\\\/07\\\/cropped-logo_fedec.jpg\",\"contentUrl\":\"https:\\\/\\\/fedec.cm\\\/wp-content\\\/uploads\\\/2024\\\/07\\\/cropped-logo_fedec.jpg\",\"width\":512,\"height\":512,\"caption\":\"Fedec\"},\"image\":{\"@id\":\"https:\\\/\\\/fedec.cm\\\/#\\\/schema\\\/logo\\\/image\\\/\"},\"sameAs\":[\"https:\\\/\\\/web.facebook.com\\\/FondationFEDEC\",\"https:\\\/\\\/x.com\\\/sitefedec\",\"https:\\\/\\\/www.linkedin.com\\\/company\\\/100200417\\\/\"]}]}<\/script>\n<!-- \/ Yoast SEO plugin. -->","yoast_head_json":{"title":"Sponsor a Student - Fedec","robots":{"index":"index","follow":"follow","max-snippet":"max-snippet:-1","max-image-preview":"max-image-preview:large","max-video-preview":"max-video-preview:-1"},"canonical":"https:\/\/fedec.cm\/parrainer-un-eleve\/","og_locale":"en_US","og_type":"article","og_title":"Sponsor a Student - Fedec","og_description":"Do you want to sponsor a student? The landlocked area of ...","og_url":"https:\/\/fedec.cm\/parrainer-un-eleve\/","og_site_name":"Fedec","article_publisher":"https:\/\/web.facebook.com\/FondationFEDEC","og_image":[{"url":"https:\/\/fedec.cm\/wp-content\/uploads\/2024\/07\/projet-radiolab-promo1-ok-600x550.jpg","type":"","width":"","height":""}],"twitter_card":"summary_large_image","twitter_site":"@sitefedec","twitter_misc":{"Est. reading time":"1 minute"},"schema":{"@context":"https:\/\/schema.org","@graph":[{"@type":"WebPage","@id":"https:\/\/fedec.cm\/parrainer-un-eleve\/","url":"https:\/\/fedec.cm\/parrainer-un-eleve\/","name":"Sponsor a Student - Fedec","isPartOf":{"@id":"https:\/\/fedec.cm\/#website"},"primaryImageOfPage":{"@id":"https:\/\/fedec.cm\/parrainer-un-eleve\/#primaryimage"},"image":{"@id":"https:\/\/fedec.cm\/parrainer-un-eleve\/#primaryimage"},"thumbnailUrl":"https:\/\/fedec.cm\/wp-content\/uploads\/2024\/07\/projet-radiolab-promo1-ok-600x550.jpg","datePublished":"2024-11-29T12:54:30+00:00","breadcrumb":{"@id":"https:\/\/fedec.cm\/parrainer-un-eleve\/#breadcrumb"},"inLanguage":"en-US","potentialAction":[{"@type":"ReadAction","target":["https:\/\/fedec.cm\/parrainer-un-eleve\/"]}]},{"@type":"ImageObject","inLanguage":"en-US","@id":"https:\/\/fedec.cm\/parrainer-un-eleve\/#primaryimage","url":"https:\/\/fedec.cm\/wp-content\/uploads\/2024\/07\/projet-radiolab-promo1-ok-600x550.jpg","contentUrl":"https:\/\/fedec.cm\/wp-content\/uploads\/2024\/07\/projet-radiolab-promo1-ok-600x550.jpg"},{"@type":"BreadcrumbList","@id":"https:\/\/fedec.cm\/parrainer-un-eleve\/#breadcrumb","itemListElement":[{"@type":"ListItem","position":1,"name":"Accueil","item":"https:\/\/fedec.cm\/en\/"},{"@type":"ListItem","position":2,"name":"Sponsor a Student"}]},{"@type":"WebSite","@id":"https:\/\/fedec.cm\/#website","url":"https:\/\/fedec.cm\/","name":"Fedec","description":"","publisher":{"@id":"https:\/\/fedec.cm\/#organization"},"potentialAction":[{"@type":"SearchAction","target":{"@type":"EntryPoint","urlTemplate":"https:\/\/fedec.cm\/?s={search_term_string}"},"query-input":{"@type":"PropertyValueSpecification","valueRequired":true,"valueName":"search_term_string"}}],"inLanguage":"en-US"},{"@type":"Organization","@id":"https:\/\/fedec.cm\/#organization","name":"Fedec","url":"https:\/\/fedec.cm\/","logo":{"@type":"ImageObject","inLanguage":"en-US","@id":"https:\/\/fedec.cm\/#\/schema\/logo\/image\/","url":"https:\/\/fedec.cm\/wp-content\/uploads\/2024\/07\/cropped-logo_fedec.jpg","contentUrl":"https:\/\/fedec.cm\/wp-content\/uploads\/2024\/07\/cropped-logo_fedec.jpg","width":512,"height":512,"caption":"Fedec"},"image":{"@id":"https:\/\/fedec.cm\/#\/schema\/logo\/image\/"},"sameAs":["https:\/\/web.facebook.com\/FondationFEDEC","https:\/\/x.com\/sitefedec","https:\/\/www.linkedin.com\/company\/100200417\/"]}]}},"_links":{"self":[{"href":"https:\/\/fedec.cm\/en\/wp-json\/wp\/v2\/pages\/6927","targetHints":{"allow":["GET"]}}],"collection":[{"href":"https:\/\/fedec.cm\/en\/wp-json\/wp\/v2\/pages"}],"about":[{"href":"https:\/\/fedec.cm\/en\/wp-json\/wp\/v2\/types\/page"}],"author":[{"embeddable":true,"href":"https:\/\/fedec.cm\/en\/wp-json\/wp\/v2\/users\/1"}],"replies":[{"embeddable":true,"href":"https:\/\/fedec.cm\/en\/wp-json\/wp\/v2\/comments?post=6927"}],"version-history":[{"count":0,"href":"https:\/\/fedec.cm\/en\/wp-json\/wp\/v2\/pages\/6927\/revisions"}],"wp:attachment":[{"href":"https:\/\/fedec.cm\/en\/wp-json\/wp\/v2\/media?parent=6927"}],"curies":[{"name":"wp","href":"https:\/\/api.w.org\/{rel}","templated":true}]}}